{"id":406,"date":"2025-02-20T13:15:36","date_gmt":"2025-02-20T12:15:36","guid":{"rendered":"https:\/\/fradevents.com\/?page_id=406"},"modified":"2025-07-30T14:51:46","modified_gmt":"2025-07-30T12:51:46","slug":"atelier-mariage","status":"publish","type":"page","link":"https:\/\/fradevents.com\/index.php\/atelier-mariage\/","title":{"rendered":"LES ATELIERS MARIAGES"},"content":{"rendered":"\n<div class=\"wp-block-group alignfull has-accent-background-color has-background has-global-padding is-layout-constrained wp-container-core-group-is-layout-669513ed wp-block-group-is-layout-constrained\" style=\"margin-top:0;margin-bottom:0;padding-top:var(--wp--preset--spacing--50);padding-right:var(--wp--preset--spacing--50);padding-bottom:var(--wp--preset--spacing--50);padding-left:var(--wp--preset--spacing--50)\">\n<div class=\"wp-block-columns alignwide is-layout-flex wp-container-core-columns-is-layout-1da03c2a wp-block-columns-is-layout-flex\">\n<div class=\"wp-block-column is-vertically-aligned-stretch has-global-padding is-layout-constrained wp-block-column-is-layout-constrained\" style=\"flex-basis:50%\">\n<div class=\"wp-block-group is-vertical is-content-justification-stretch is-layout-flex wp-container-core-group-is-layout-444d5ee8 wp-block-group-is-layout-flex\" style=\"min-height:100%\">\n<p class=\"has-nunito-font-family has-large-font-size\" style=\"line-height:1.2\"><strong>Ateliers Mariage Th\u00e9matiques \u2013 Organisez avec Expertise et Cr\u00e9ativit\u00e9 !<\/strong><\/p>\n\n\n\n<p class=\"has-nunito-font-family has-medium-font-size\" style=\"line-height:1.2\">Vous pr\u00e9parez votre mariage et vous voulez \u00eatre s\u00fbr de ne rien oublier tout en restant ma\u00eetre de votre organisation ? D\u00e9couvrez nos <strong>ateliers th\u00e9matiques<\/strong>, con\u00e7us pour vous accompagner dans chaque aspect de votre mariage avec des conseils d\u2019expert et des outils pratiques.<\/p>\n<\/div>\n<\/div>\n\n\n\n<div class=\"wp-block-column is-vertically-aligned-center is-layout-flow wp-block-column-is-layout-flow\" style=\"flex-basis:50%\">\n<figure class=\"wp-block-image size-large is-resized is-style-rounded is-style-rounded--1\"><img loading=\"lazy\" decoding=\"async\" width=\"1024\" height=\"683\" src=\"https:\/\/fradevents.com\/wp-content\/uploads\/2025\/02\/Depositphotos_199428312_XL-1024x683.jpg\" alt=\"\" class=\"wp-image-410\" style=\"width:350px\" srcset=\"https:\/\/fradevents.com\/wp-content\/uploads\/2025\/02\/Depositphotos_199428312_XL-1024x683.jpg 1024w, https:\/\/fradevents.com\/wp-content\/uploads\/2025\/02\/Depositphotos_199428312_XL-300x200.jpg 300w, https:\/\/fradevents.com\/wp-content\/uploads\/2025\/02\/Depositphotos_199428312_XL-768x512.jpg 768w, https:\/\/fradevents.com\/wp-content\/uploads\/2025\/02\/Depositphotos_199428312_XL-1536x1024.jpg 1536w, https:\/\/fradevents.com\/wp-content\/uploads\/2025\/02\/Depositphotos_199428312_XL-2048x1365.jpg 2048w\" sizes=\"auto, (max-width: 1024px) 100vw, 1024px\" \/><\/figure>\n<\/div>\n<\/div>\n<\/div>\n\n\n\n<div class=\"wp-block-group alignfull has-base-background-color has-background has-global-padding is-layout-constrained wp-container-core-group-is-layout-d89aad35 wp-block-group-is-layout-constrained\" style=\"margin-top:0;margin-bottom:0;padding-top:var(--wp--preset--spacing--50);padding-right:var(--wp--preset--spacing--50);padding-bottom:var(--wp--preset--spacing--50);padding-left:var(--wp--preset--spacing--50)\">\n<div class=\"wp-block-columns alignwide is-layout-flex wp-container-core-columns-is-layout-549b0c86 wp-block-columns-is-layout-flex\">\n<div class=\"wp-block-column has-global-padding is-content-justification-left is-layout-constrained wp-container-core-column-is-layout-4f15e8fe wp-block-column-is-layout-constrained\" style=\"flex-basis:40%\"><\/div>\n\n\n\n<div class=\"wp-block-column is-layout-flow wp-container-core-column-is-layout-119bc444 wp-block-column-is-layout-flow\" style=\"flex-basis:60%\">\n<p class=\"has-nunito-font-family has-large-font-size\" style=\"line-height:1.2\"><strong>Comment \u00e7a fonctionne ?<\/strong><\/p>\n\n\n\n<div class=\"wp-block-group has-global-padding is-layout-constrained wp-block-group-is-layout-constrained\">\n<p class=\"has-nunito-font-family has-medium-font-size\" style=\"line-height:1.2\">\u25aa\ufe0f<strong>Des supports et outils<\/strong> fournis pour avancer sereinement.<\/p>\n\n\n\n<p>\u25aa\ufe0f<strong>Des sessions ind\u00e9pendantes<\/strong> : choisissez les th\u00e8mes qui vous int\u00e9ressent.<\/p>\n\n\n\n<p>\u25aa\ufe0f<strong>Un accompagnement cibl\u00e9<\/strong> : chaque atelier traite un aspect cl\u00e9 du mariage.<\/p>\n\n\n\n<p>\u25aa\ufe0f<strong>Un format en petit groupe (6 couples maximum)<\/strong> pour une approche personnalis\u00e9e.<\/p>\n\n\n\n<p class=\"has-accent-background-color has-background has-medium-font-size\"><strong>Le tout dans une ambiance conviviale<\/strong> !<\/p>\n<\/div>\n<\/div>\n<\/div>\n\n\n\n<figure class=\"wp-block-image size-large\"><img loading=\"lazy\" decoding=\"async\" width=\"1024\" height=\"341\" src=\"https:\/\/fradevents.com\/wp-content\/uploads\/2025\/02\/Depositphotos_378600032_XL-1024x341.jpg\" alt=\"\" class=\"wp-image-413\" srcset=\"https:\/\/fradevents.com\/wp-content\/uploads\/2025\/02\/Depositphotos_378600032_XL-1024x341.jpg 1024w, https:\/\/fradevents.com\/wp-content\/uploads\/2025\/02\/Depositphotos_378600032_XL-300x100.jpg 300w, https:\/\/fradevents.com\/wp-content\/uploads\/2025\/02\/Depositphotos_378600032_XL-768x256.jpg 768w, https:\/\/fradevents.com\/wp-content\/uploads\/2025\/02\/Depositphotos_378600032_XL-1536x512.jpg 1536w, https:\/\/fradevents.com\/wp-content\/uploads\/2025\/02\/Depositphotos_378600032_XL-2048x683.jpg 2048w\" sizes=\"auto, (max-width: 1024px) 100vw, 1024px\" \/><\/figure>\n<\/div>\n\n\n\n<h3 class=\"wp-block-heading alignfull has-text-align-center has-base-color has-contrast-background-color has-text-color has-background has-link-color wp-elements-34e07cb712b60e0354adbe3792b5b88c\"><strong>Nos Ateliers Th\u00e9matiques<\/strong><\/h3>\n\n\n\n<div class=\"wp-block-group alignfull has-global-padding is-layout-constrained wp-block-group-is-layout-constrained\">\n<div class=\"wp-block-columns is-layout-flex wp-container-core-columns-is-layout-28f84493 wp-block-columns-is-layout-flex\">\n<div class=\"wp-block-column is-layout-flow wp-block-column-is-layout-flow\">\n<figure class=\"wp-block-image size-large\"><img loading=\"lazy\" decoding=\"async\" width=\"1024\" height=\"683\" src=\"https:\/\/fradevents.com\/wp-content\/uploads\/2025\/02\/Depositphotos_25713683_XL-1024x683.jpg\" alt=\"\" class=\"wp-image-418\" srcset=\"https:\/\/fradevents.com\/wp-content\/uploads\/2025\/02\/Depositphotos_25713683_XL-1024x683.jpg 1024w, https:\/\/fradevents.com\/wp-content\/uploads\/2025\/02\/Depositphotos_25713683_XL-300x200.jpg 300w, https:\/\/fradevents.com\/wp-content\/uploads\/2025\/02\/Depositphotos_25713683_XL-768x512.jpg 768w, https:\/\/fradevents.com\/wp-content\/uploads\/2025\/02\/Depositphotos_25713683_XL-1536x1024.jpg 1536w, https:\/\/fradevents.com\/wp-content\/uploads\/2025\/02\/Depositphotos_25713683_XL-2048x1365.jpg 2048w\" sizes=\"auto, (max-width: 1024px) 100vw, 1024px\" \/><\/figure>\n<\/div>\n\n\n\n<div class=\"wp-block-column is-layout-flow wp-block-column-is-layout-flow\">\n<p>\ud83c\udfa8 <strong>Atelier D\u00e9coration &amp; Ambiance<\/strong><br>Apprenez \u00e0 cr\u00e9er un univers harmonieux en fonction de votre th\u00e8me, du lieu et de votre budget.<br>\u25aa\ufe0fInspiration &amp; moodboard<br>\u25aa\ufe0fChoix des couleurs et des mati\u00e8res<br>\u25aa\ufe0fDIY &amp; astuces pour une d\u00e9co r\u00e9ussie<\/p>\n<\/div>\n<\/div>\n<\/div>\n\n\n\n<div class=\"wp-block-columns is-layout-flex wp-container-core-columns-is-layout-28f84493 wp-block-columns-is-layout-flex\">\n<div class=\"wp-block-column is-layout-flow wp-block-column-is-layout-flow\">\n<figure class=\"wp-block-image size-large\"><img loading=\"lazy\" decoding=\"async\" width=\"1024\" height=\"681\" src=\"https:\/\/fradevents.com\/wp-content\/uploads\/2025\/02\/Depositphotos_180432940_XL-1024x681.jpg\" alt=\"\" class=\"wp-image-419\" srcset=\"https:\/\/fradevents.com\/wp-content\/uploads\/2025\/02\/Depositphotos_180432940_XL-1024x681.jpg 1024w, https:\/\/fradevents.com\/wp-content\/uploads\/2025\/02\/Depositphotos_180432940_XL-300x200.jpg 300w, https:\/\/fradevents.com\/wp-content\/uploads\/2025\/02\/Depositphotos_180432940_XL-768x511.jpg 768w, https:\/\/fradevents.com\/wp-content\/uploads\/2025\/02\/Depositphotos_180432940_XL-1536x1022.jpg 1536w, https:\/\/fradevents.com\/wp-content\/uploads\/2025\/02\/Depositphotos_180432940_XL-2048x1363.jpg 2048w\" sizes=\"auto, (max-width: 1024px) 100vw, 1024px\" \/><\/figure>\n<\/div>\n\n\n\n<div class=\"wp-block-column is-layout-flow wp-block-column-is-layout-flow\">\n<p>\ud83d\udcdc <strong>Atelier Papeterie &amp; Faire-Part<\/strong><br>Concevez une papeterie qui vous ressemble et g\u00e9rez les envois efficacement.<br>\u25aa\ufe0fChoix des supports et formats<br>\u25aa\ufe0fR\u00e9daction des textes<br>\u25aa\ufe0fAstuces pour g\u00e9rer les r\u00e9ponses des invit\u00e9s<\/p>\n<\/div>\n<\/div>\n\n\n\n<div class=\"wp-block-columns is-layout-flex wp-container-core-columns-is-layout-28f84493 wp-block-columns-is-layout-flex\">\n<div class=\"wp-block-column is-layout-flow wp-block-column-is-layout-flow\">\n<figure class=\"wp-block-image size-large\"><img loading=\"lazy\" decoding=\"async\" width=\"1024\" height=\"683\" src=\"https:\/\/fradevents.com\/wp-content\/uploads\/2025\/02\/Depositphotos_299982778_XL-1024x683.jpg\" alt=\"\" class=\"wp-image-420\" srcset=\"https:\/\/fradevents.com\/wp-content\/uploads\/2025\/02\/Depositphotos_299982778_XL-1024x683.jpg 1024w, https:\/\/fradevents.com\/wp-content\/uploads\/2025\/02\/Depositphotos_299982778_XL-300x200.jpg 300w, https:\/\/fradevents.com\/wp-content\/uploads\/2025\/02\/Depositphotos_299982778_XL-768x512.jpg 768w, https:\/\/fradevents.com\/wp-content\/uploads\/2025\/02\/Depositphotos_299982778_XL-1536x1024.jpg 1536w, https:\/\/fradevents.com\/wp-content\/uploads\/2025\/02\/Depositphotos_299982778_XL-2048x1365.jpg 2048w\" sizes=\"auto, (max-width: 1024px) 100vw, 1024px\" \/><\/figure>\n<\/div>\n\n\n\n<div class=\"wp-block-column is-layout-flow wp-block-column-is-layout-flow\">\n<p>\ud83d\udccb <strong>Atelier Organisation &amp; R\u00e9troplanning<\/strong><br>\u00c9tablissez un plan d\u2019action pour \u00e9viter le stress et les oublis.<br>\u25aa\ufe0fCr\u00e9ation d\u2019un r\u00e9troplanning personnalis\u00e9<br>\u25aa\ufe0fListe des t\u00e2ches essentielles<br>\u25aa\ufe0fOutils pour une organisation fluide<\/p>\n<\/div>\n<\/div>\n\n\n\n<div class=\"wp-block-columns is-layout-flex wp-container-core-columns-is-layout-28f84493 wp-block-columns-is-layout-flex\">\n<div class=\"wp-block-column is-layout-flow wp-block-column-is-layout-flow\">\n<figure class=\"wp-block-image size-large\"><img loading=\"lazy\" decoding=\"async\" width=\"1024\" height=\"676\" src=\"https:\/\/fradevents.com\/wp-content\/uploads\/2025\/02\/Depositphotos_55248647_XL-1024x676.jpg\" alt=\"\" class=\"wp-image-421\" srcset=\"https:\/\/fradevents.com\/wp-content\/uploads\/2025\/02\/Depositphotos_55248647_XL-1024x676.jpg 1024w, https:\/\/fradevents.com\/wp-content\/uploads\/2025\/02\/Depositphotos_55248647_XL-300x198.jpg 300w, https:\/\/fradevents.com\/wp-content\/uploads\/2025\/02\/Depositphotos_55248647_XL-768x507.jpg 768w, https:\/\/fradevents.com\/wp-content\/uploads\/2025\/02\/Depositphotos_55248647_XL-1536x1013.jpg 1536w, https:\/\/fradevents.com\/wp-content\/uploads\/2025\/02\/Depositphotos_55248647_XL-2048x1351.jpg 2048w\" sizes=\"auto, (max-width: 1024px) 100vw, 1024px\" \/><\/figure>\n<\/div>\n\n\n\n<div class=\"wp-block-column is-layout-flow wp-block-column-is-layout-flow\">\n<p>\ud83d\udcb6 <strong>Atelier Budget &amp; Prestataires<\/strong><br>G\u00e9rez votre budget et trouvez les bons prestataires en toute confiance.<br>\u25aa\ufe0f\u00c9tablir un budget r\u00e9aliste<br>\u25aa\ufe0fS\u00e9lection et n\u00e9gociation avec les prestataires<br>\u25aa\ufe0fGestion des contrats et paiements<\/p>\n<\/div>\n<\/div>\n\n\n\n<div class=\"wp-block-columns is-layout-flex wp-container-core-columns-is-layout-28f84493 wp-block-columns-is-layout-flex\">\n<div class=\"wp-block-column is-layout-flow wp-block-column-is-layout-flow\">\n<figure class=\"wp-block-image size-large\"><img loading=\"lazy\" decoding=\"async\" width=\"1024\" height=\"683\" src=\"https:\/\/fradevents.com\/wp-content\/uploads\/2025\/02\/Depositphotos_150121226_XL-1024x683.jpg\" alt=\"\" class=\"wp-image-422\" srcset=\"https:\/\/fradevents.com\/wp-content\/uploads\/2025\/02\/Depositphotos_150121226_XL-1024x683.jpg 1024w, https:\/\/fradevents.com\/wp-content\/uploads\/2025\/02\/Depositphotos_150121226_XL-300x200.jpg 300w, https:\/\/fradevents.com\/wp-content\/uploads\/2025\/02\/Depositphotos_150121226_XL-768x512.jpg 768w, https:\/\/fradevents.com\/wp-content\/uploads\/2025\/02\/Depositphotos_150121226_XL-1536x1024.jpg 1536w, https:\/\/fradevents.com\/wp-content\/uploads\/2025\/02\/Depositphotos_150121226_XL-2048x1365.jpg 2048w\" sizes=\"auto, (max-width: 1024px) 100vw, 1024px\" \/><\/figure>\n<\/div>\n\n\n\n<div class=\"wp-block-column is-layout-flow wp-block-column-is-layout-flow\">\n<p>\ud83d\udc83 <strong>Atelier Jour J &amp; Coordination<\/strong><br>Pr\u00e9parez vous \u00e0 vivre votre mariage sans stress gr\u00e2ce \u00e0 une organisation bien rod\u00e9e.<br>\u25aa\ufe0fCr\u00e9ation d\u2019un planning d\u00e9taill\u00e9<br>\u25aa\ufe0fCoordination des prestataires et des invit\u00e9s<br>\u25aa\ufe0fGestion des impr\u00e9vus<\/p>\n<\/div>\n<\/div>\n\n\n\n<div class=\"wp-block-group alignfull has-contrast-background-color has-background has-global-padding is-layout-constrained wp-block-group-is-layout-constrained\">\n<p class=\"has-text-align-center has-base-color has-contrast-background-color has-text-color has-background has-link-color wp-elements-bbee14f50c60dc6130620c1a6996923c\"><strong><strong>Infos pratiques<\/strong><\/strong><\/p>\n<\/div>\n\n\n\n<div style=\"height:25px\" aria-hidden=\"true\" class=\"wp-block-spacer\"><\/div>\n\n\n\n<p><strong>Un gain de temps pr\u00e9cieux<\/strong> dans votre organisation.<br><strong>Des conseils d\u2019expert<\/strong> pour structurer vos id\u00e9es et \u00e9viter les erreurs.<br><strong>Une alternative \u00e9conomique<\/strong> \u00e0 l\u2019organisation compl\u00e8te par un wedding planner.<br><strong>Une exp\u00e9rience conviviale et enrichissante<\/strong> avec d\u2019autres futurs mari\u00e9s.<\/p>\n\n\n\n<div class=\"wp-block-group has-global-padding is-layout-constrained wp-block-group-is-layout-constrained\">\n<div style=\"height:17px\" aria-hidden=\"true\" class=\"wp-block-spacer\"><\/div>\n\n\n\n<h3 class=\"wp-block-heading has-accent-background-color has-background has-medium-font-size\"><strong>Lieu<\/strong> : En pr\u00e9sentiel dans un espace d\u00e9di\u00e9.<br><strong>Dur\u00e9e<\/strong> : 2h30 par session.<br><strong>Tarif<\/strong> : Forfait \u00e0 la session OU pack avantageux pour plusieurs ateliers.<br><strong>R\u00e9servation<\/strong> : <strong>Contactez-moi pour conna\u00eetre les prochaines dates et r\u00e9server votre place !<\/strong><\/h3>\n\n\n\n<p><\/p>\n<\/div>\n\n\n\n<figure class=\"wp-block-image size-large wp-duotone-duotone-1\"><img loading=\"lazy\" decoding=\"async\" width=\"1024\" height=\"683\" src=\"https:\/\/fradevents.com\/wp-content\/uploads\/2025\/02\/Depositphotos_187050508_XL-1024x683.jpg\" alt=\"\" class=\"wp-image-431\" srcset=\"https:\/\/fradevents.com\/wp-content\/uploads\/2025\/02\/Depositphotos_187050508_XL-1024x683.jpg 1024w, https:\/\/fradevents.com\/wp-content\/uploads\/2025\/02\/Depositphotos_187050508_XL-300x200.jpg 300w, https:\/\/fradevents.com\/wp-content\/uploads\/2025\/02\/Depositphotos_187050508_XL-768x512.jpg 768w, https:\/\/fradevents.com\/wp-content\/uploads\/2025\/02\/Depositphotos_187050508_XL-1536x1024.jpg 1536w, https:\/\/fradevents.com\/wp-content\/uploads\/2025\/02\/Depositphotos_187050508_XL-2048x1365.jpg 2048w\" sizes=\"auto, (max-width: 1024px) 100vw, 1024px\" \/><\/figure>\n\n\n\n<p><\/p>\n\n\n\n<p><\/p>\n\n\n\n<p><\/p>\n\n\n\n<p><\/p>\n\n\n\n<div class=\"wp-block-group alignfull has-base-color has-contrast-background-color has-text-color has-background has-link-color wp-elements-6d51d2bb06bb07e4c0f84908f5ca57d2 has-global-padding is-layout-constrained wp-container-core-group-is-layout-d89aad35 wp-block-group-is-layout-constrained\" style=\"margin-top:0;margin-bottom:0;padding-top:var(--wp--preset--spacing--50);padding-right:var(--wp--preset--spacing--50);padding-bottom:var(--wp--preset--spacing--50);padding-left:var(--wp--preset--spacing--50)\">\n<h2 class=\"wp-block-heading alignwide has-base-color has-text-color has-link-color wp-elements-4e5f1150bf834020ffcd56ca3e90182e\" style=\"font-size:clamp(2.876rem, 2.876rem + ((1vw - 0.2rem) * 4.54), 5.6rem);letter-spacing:-0.02em\">FAQ<\/h2>\n\n\n\n<div class=\"wp-block-group alignwide is-layout-flow wp-block-group-is-layout-flow\">\n<hr class=\"wp-block-separator has-text-color has-base-color has-alpha-channel-opacity has-base-background-color has-background is-style-wide\" style=\"margin-top:var(--wp--preset--spacing--30);margin-bottom:var(--wp--preset--spacing--30)\"\/>\n\n\n\n<h3 class=\"wp-block-heading alignwide has-base-2-color has-text-color has-link-color wp-elements-36150f561d0a4c076836302efb045ce5\">En quoi consistent ces ateliers ?<\/h3>\n\n\n\n<p class=\"has-contrast-1-color has-text-color has-link-color wp-elements-ac8276aa8c0f93a87dbc0cfeec91e870\">Ces ateliers th\u00e9matiques sont con\u00e7us pour aider les futurs mari\u00e9s \u00e0 organiser leur mariage en toute autonomie, avec les conseils d\u2019un wedding planner. Chaque session aborde un sujet pr\u00e9cis (organisation, d\u00e9coration, budget, etc.) et fournit des outils pratiques pour avancer efficacement.<\/p>\n\n\n\n<hr class=\"wp-block-separator has-text-color has-base-color has-alpha-channel-opacity has-base-background-color has-background is-style-wide\" style=\"margin-top:var(--wp--preset--spacing--30);margin-bottom:var(--wp--preset--spacing--30)\"\/>\n\n\n\n<h3 class=\"wp-block-heading alignwide has-base-2-color has-text-color has-link-color wp-elements-8098ab8e6438b14e0e0bafbbd7b08330\">\u00c0 qui s\u2019adressent ces ateliers ?<\/h3>\n\n\n\n<p class=\"has-contrast-1-color has-text-color has-link-color wp-elements-316fc4083c78acd2439e13214dd7325c\">Ils sont destin\u00e9s \u00e0 tous les futurs mari\u00e9s qui souhaitent organiser leur mariage eux-m\u00eames, mais qui aimeraient \u00eatre guid\u00e9s pour \u00e9viter les erreurs et optimiser leur pr\u00e9paration.<\/p>\n\n\n\n<hr class=\"wp-block-separator has-text-color has-base-color has-alpha-channel-opacity has-base-background-color has-background is-style-wide\" style=\"margin-top:var(--wp--preset--spacing--30);margin-bottom:var(--wp--preset--spacing--30)\"\/>\n\n\n\n<h3 class=\"wp-block-heading alignwide has-base-2-color has-text-color has-link-color wp-elements-f550fc3e715bdc5e74b4127955015b6e\">Combien de personnes participent \u00e0 chaque atelier ?<\/h3>\n\n\n\n<p class=\"has-contrast-1-color has-text-color has-link-color wp-elements-6c87416e1d550480be3463b37e712304\">Chaque session est limit\u00e9e \u00e0 <strong>6 couples maximum<\/strong>, afin de garantir une approche personnalis\u00e9e et un \u00e9change interactif.<\/p>\n\n\n\n<hr class=\"wp-block-separator has-text-color has-base-color has-alpha-channel-opacity has-base-background-color has-background is-style-wide\" style=\"margin-top:var(--wp--preset--spacing--30);margin-bottom:var(--wp--preset--spacing--30)\"\/>\n\n\n\n<h3 class=\"wp-block-heading alignwide has-base-2-color has-text-color has-link-color wp-elements-12cb2740c6d1c7cf980d99ad2b0074e7\">O\u00f9 ont lieu les ateliers ?<\/h3>\n\n\n\n<p class=\"has-contrast-1-color has-text-color has-link-color wp-elements-dde787471724aed7d7d9bf82e87ee0db\">En pr\u00e9sentiel dans un espace d\u00e9di\u00e9 (lieu pr\u00e9cis\u00e9 lors de l\u2019inscription).<\/p>\n\n\n\n<div style=\"margin-top:var(--wp--preset--spacing--10);margin-bottom:0;height:var(--wp--preset--spacing--10)\" aria-hidden=\"true\" class=\"wp-block-spacer\"><\/div>\n\n\n\n<hr class=\"wp-block-separator has-text-color has-base-color has-alpha-channel-opacity has-base-background-color has-background is-style-wide\" style=\"margin-top:var(--wp--preset--spacing--30);margin-bottom:var(--wp--preset--spacing--30)\"\/>\n\n\n\n<h3 class=\"wp-block-heading alignwide has-base-2-color has-text-color has-link-color wp-elements-7009ed10c6c0222ae13182a333154bf0\">Doit-on pr\u00e9parer quelque chose avant l\u2019atelier ?<\/h3>\n\n\n\n<p class=\"has-contrast-1-color has-text-color has-link-color wp-elements-36cb35ee9bcd3e7ff762ace9154bb5f2\">Pas n\u00e9cessairement, mais si vous avez d\u00e9j\u00e0 des id\u00e9es ou des inspirations, vous pouvez les apporter. Pour l\u2019atelier budget, il est conseill\u00e9 d\u2019avoir une estimation de vos d\u00e9penses en t\u00eate.<\/p>\n\n\n\n<div style=\"margin-top:var(--wp--preset--spacing--10);margin-bottom:0;height:var(--wp--preset--spacing--10)\" aria-hidden=\"true\" class=\"wp-block-spacer\"><\/div>\n\n\n\n<hr class=\"wp-block-separator has-text-color has-base-color has-alpha-channel-opacity has-base-background-color has-background is-style-wide\" style=\"margin-top:var(--wp--preset--spacing--30);margin-bottom:var(--wp--preset--spacing--30)\"\/>\n\n\n\n<h3 class=\"wp-block-heading alignwide has-base-2-color has-text-color has-link-color wp-elements-bf05c8f33290337f16232f7a0c3a582c\">Peut-on poser des questions sp\u00e9cifiques sur notre mariage ?<\/h3>\n\n\n\n<p class=\"has-contrast-1-color has-text-color has-link-color wp-elements-38dfd6a49b72392ecc757029da48964f\">Bien s\u00fbr ! Les ateliers sont interactifs, et vous pourrez poser toutes vos questions en direct en lien avec la th\u00e9matique de l&rsquo;atelier. <\/p>\n\n\n\n<div style=\"margin-top:var(--wp--preset--spacing--10);margin-bottom:0;height:var(--wp--preset--spacing--10)\" aria-hidden=\"true\" class=\"wp-block-spacer\"><\/div>\n<\/div>\n<\/div>\n","protected":false},"excerpt":{"rendered":"<p>Ateliers Mariage Th\u00e9matiques \u2013 Organisez avec Expertise et Cr\u00e9ativit\u00e9 ! Vous pr\u00e9parez votre mariage et vous voulez \u00eatre s\u00fbr de ne rien oublier tout en restant ma\u00eetre de votre organisation ? D\u00e9couvrez nos ateliers th\u00e9matiques, con\u00e7us pour vous accompagner dans chaque aspect de votre mariage avec des conseils d\u2019expert et des outils pratiques. Comment \u00e7a [&hellip;]<\/p>\n","protected":false},"author":1,"featured_media":0,"parent":0,"menu_order":0,"comment_status":"closed","ping_status":"closed","template":"","meta":{"footnotes":""},"class_list":["post-406","page","type-page","status-publish","hentry"],"_links":{"self":[{"href":"https:\/\/fradevents.com\/index.php\/wp-json\/wp\/v2\/pages\/406","targetHints":{"allow":["GET"]}}],"collection":[{"href":"https:\/\/fradevents.com\/index.php\/wp-json\/wp\/v2\/pages"}],"about":[{"href":"https:\/\/fradevents.com\/index.php\/wp-json\/wp\/v2\/types\/page"}],"author":[{"embeddable":true,"href":"https:\/\/fradevents.com\/index.php\/wp-json\/wp\/v2\/users\/1"}],"replies":[{"embeddable":true,"href":"https:\/\/fradevents.com\/index.php\/wp-json\/wp\/v2\/comments?post=406"}],"version-history":[{"count":27,"href":"https:\/\/fradevents.com\/index.php\/wp-json\/wp\/v2\/pages\/406\/revisions"}],"predecessor-version":[{"id":642,"href":"https:\/\/fradevents.com\/index.php\/wp-json\/wp\/v2\/pages\/406\/revisions\/642"}],"wp:attachment":[{"href":"https:\/\/fradevents.com\/index.php\/wp-json\/wp\/v2\/media?parent=406"}],"curies":[{"name":"wp","href":"https:\/\/api.w.org\/{rel}","templated":true}]}}